{"id":701,"date":"2021-03-09T09:37:34","date_gmt":"2021-03-09T08:37:34","guid":{"rendered":"https:\/\/www.xn--kologie-in-langwasser-gec.de\/?page_id=701"},"modified":"2026-01-22T19:33:41","modified_gmt":"2026-01-22T18:33:41","slug":"repair-cafe-im-kinder-und-jugendhaus-geiza","status":"publish","type":"page","link":"https:\/\/www.xn--kologie-in-langwasser-gec.de\/index.php\/repair-cafe-im-kinder-und-jugendhaus-geiza\/","title":{"rendered":"Repair-Caf\u00e8"},"content":{"rendered":"\n<p><strong>Termine 2026<\/strong><\/p>\n\n\n\n<figure class=\"wp-block-image size-large\"><img loading=\"lazy\" decoding=\"async\" width=\"1024\" height=\"745\" src=\"https:\/\/www.xn--kologie-in-langwasser-gec.de\/wp-content\/uploads\/2025\/10\/RC26-001-1024x745.jpg\" alt=\"\" class=\"wp-image-2716\" srcset=\"https:\/\/www.xn--kologie-in-langwasser-gec.de\/wp-content\/uploads\/2025\/10\/RC26-001-1024x745.jpg 1024w, https:\/\/www.xn--kologie-in-langwasser-gec.de\/wp-content\/uploads\/2025\/10\/RC26-001-300x218.jpg 300w, https:\/\/www.xn--kologie-in-langwasser-gec.de\/wp-content\/uploads\/2025\/10\/RC26-001-768x558.jpg 768w, https:\/\/www.xn--kologie-in-langwasser-gec.de\/wp-content\/uploads\/2025\/10\/RC26-001-1536x1117.jpg 1536w, https:\/\/www.xn--kologie-in-langwasser-gec.de\/wp-content\/uploads\/2025\/10\/RC26-001-2048x1489.jpg 2048w\" sizes=\"auto, (max-width: 1024px) 100vw, 1024px\" \/><\/figure>\n\n\n\n<h2 class=\"wp-block-heading\">N\u00e4htreff im Gemeinschaftshaus Langwasser jeden Montag von 9 Uhr bis 11.30 Uhr<\/h2>\n\n\n\n<p>Wir n\u00e4hen f\u00fcr uns und einen guten Zweck. Stoffe gibt es genug, und die N\u00e4hmaschinen sind leicht zu bedienen. Schauen Sie einfach einmal bei uns vorbei. Am 9. M\u00e4rz entf\u00e4llt der N\u00e4htreff.<\/p>\n\n\n\n<p>Am Weihnachtsmarkt 2025 in Langwasser war das Repair-Caf\u00e8 mit drei St\u00e4nden vertreten. Es gab Mitmachaktionen und im N\u00e4htreff gefertigte Waren wurden zum Kauf angeboten. Der Erl\u00f6s von 250 Euro ging als Spende an die Stadtmission.<\/p>\n\n\n\n<figure class=\"wp-block-gallery has-nested-images columns-default is-cropped wp-block-gallery-1 is-layout-flex wp-block-gallery-is-layout-flex\">\n<figure class=\"wp-block-image size-large\"><img loading=\"lazy\" decoding=\"async\" width=\"768\" height=\"1024\" data-id=\"2742\" src=\"https:\/\/www.xn--kologie-in-langwasser-gec.de\/wp-content\/uploads\/2025\/12\/20251005_152240-768x1024.jpg\" alt=\"\" class=\"wp-image-2742\" srcset=\"https:\/\/www.xn--kologie-in-langwasser-gec.de\/wp-content\/uploads\/2025\/12\/20251005_152240-768x1024.jpg 768w, https:\/\/www.xn--kologie-in-langwasser-gec.de\/wp-content\/uploads\/2025\/12\/20251005_152240-225x300.jpg 225w, https:\/\/www.xn--kologie-in-langwasser-gec.de\/wp-content\/uploads\/2025\/12\/20251005_152240-1152x1536.jpg 1152w, https:\/\/www.xn--kologie-in-langwasser-gec.de\/wp-content\/uploads\/2025\/12\/20251005_152240-1536x2048.jpg 1536w, https:\/\/www.xn--kologie-in-langwasser-gec.de\/wp-content\/uploads\/2025\/12\/20251005_152240-scaled.jpg 1920w\" sizes=\"auto, (max-width: 768px) 100vw, 768px\" \/><\/figure>\n\n\n\n<figure class=\"wp-block-image size-large\"><img loading=\"lazy\" decoding=\"async\" width=\"768\" height=\"1024\" data-id=\"2741\" src=\"https:\/\/www.xn--kologie-in-langwasser-gec.de\/wp-content\/uploads\/2025\/12\/20251006_094917-768x1024.jpg\" alt=\"\" class=\"wp-image-2741\" srcset=\"https:\/\/www.xn--kologie-in-langwasser-gec.de\/wp-content\/uploads\/2025\/12\/20251006_094917-768x1024.jpg 768w, https:\/\/www.xn--kologie-in-langwasser-gec.de\/wp-content\/uploads\/2025\/12\/20251006_094917-225x300.jpg 225w, https:\/\/www.xn--kologie-in-langwasser-gec.de\/wp-content\/uploads\/2025\/12\/20251006_094917-1152x1536.jpg 1152w, https:\/\/www.xn--kologie-in-langwasser-gec.de\/wp-content\/uploads\/2025\/12\/20251006_094917-1536x2048.jpg 1536w, https:\/\/www.xn--kologie-in-langwasser-gec.de\/wp-content\/uploads\/2025\/12\/20251006_094917-scaled.jpg 1920w\" sizes=\"auto, (max-width: 768px) 100vw, 768px\" \/><\/figure>\n\n\n\n<figure class=\"wp-block-image size-large\"><img loading=\"lazy\" decoding=\"async\" width=\"768\" height=\"1024\" data-id=\"2739\" src=\"https:\/\/www.xn--kologie-in-langwasser-gec.de\/wp-content\/uploads\/2025\/12\/20251006_100231-768x1024.jpg\" alt=\"\" class=\"wp-image-2739\" srcset=\"https:\/\/www.xn--kologie-in-langwasser-gec.de\/wp-content\/uploads\/2025\/12\/20251006_100231-768x1024.jpg 768w, https:\/\/www.xn--kologie-in-langwasser-gec.de\/wp-content\/uploads\/2025\/12\/20251006_100231-225x300.jpg 225w, https:\/\/www.xn--kologie-in-langwasser-gec.de\/wp-content\/uploads\/2025\/12\/20251006_100231-1152x1536.jpg 1152w, https:\/\/www.xn--kologie-in-langwasser-gec.de\/wp-content\/uploads\/2025\/12\/20251006_100231-1536x2048.jpg 1536w, https:\/\/www.xn--kologie-in-langwasser-gec.de\/wp-content\/uploads\/2025\/12\/20251006_100231-scaled.jpg 1920w\" sizes=\"auto, (max-width: 768px) 100vw, 768px\" \/><\/figure>\n\n\n\n<figure class=\"wp-block-image size-large\"><img loading=\"lazy\" decoding=\"async\" width=\"1024\" height=\"768\" data-id=\"2740\" src=\"https:\/\/www.xn--kologie-in-langwasser-gec.de\/wp-content\/uploads\/2025\/12\/20251006_100851-Kopie-1024x768.jpg\" alt=\"\" class=\"wp-image-2740\" srcset=\"https:\/\/www.xn--kologie-in-langwasser-gec.de\/wp-content\/uploads\/2025\/12\/20251006_100851-Kopie-1024x768.jpg 1024w, https:\/\/www.xn--kologie-in-langwasser-gec.de\/wp-content\/uploads\/2025\/12\/20251006_100851-Kopie-300x225.jpg 300w, https:\/\/www.xn--kologie-in-langwasser-gec.de\/wp-content\/uploads\/2025\/12\/20251006_100851-Kopie-768x576.jpg 768w, https:\/\/www.xn--kologie-in-langwasser-gec.de\/wp-content\/uploads\/2025\/12\/20251006_100851-Kopie-1536x1152.jpg 1536w, https:\/\/www.xn--kologie-in-langwasser-gec.de\/wp-content\/uploads\/2025\/12\/20251006_100851-Kopie-2048x1536.jpg 2048w\" sizes=\"auto, (max-width: 1024px) 100vw, 1024px\" \/><\/figure>\n<\/figure>\n\n\n\n<p>Am Weihnachtsmarkt 2024 in Langwasser konnten Sie die von uns gefertigten Produkte erwerben. Der gesamte Erl\u00f6s von 250 \u20ac wurde dem Kinder- und Jugendhaus Geiza als Spende \u00fcbergeben.  <\/p>\n\n\n\n<p>                                                                                                                            Als 2019 das Gemeinschaftshaus wegen Renovierungsarbeiten geschlossen war, \u00fcberlegte sich der Arbeitskreis \u00d6kologie, wie man einen Weihnachtsmarkt nachhaltig gestalten und durchf\u00fchren kann. Wir hatten sehr viele gute Ideen. Im Garten des Geiza gab es dann mit tatkr\u00e4ftiger Unterst\u00fctzung von Jugendlichen und Mitarbeiterinnen und Mitarbeitern des Kinder- und Jugendhauses einen sehr stimmungsvollen Weihnachtsmarkt nur mit Kerzenlicht an den St\u00e4nden, ohne Plastikgeschirr und fast keinen M\u00fcll. Die B\u00fchne war der Basketballplatz und das Publikum sa\u00df warm und bequem auf extra herbeigeschaften Strohballen. Es klappte zwar noch nicht alles und es wurde der Duft von Gl\u00fchwein vermisst. Doch ein Anfang war gemacht. Es wurden Nachhaltigkeitsstandards erarbeitet, die auch beim Weihnachtsmarkt in diesem Jahr eingehalten wurden.<\/p>\n\n\n<div class=\"wp-block-image is-resized\">\n<figure class=\"aligncenter size-full\"><img loading=\"lazy\" decoding=\"async\" width=\"720\" height=\"960\" src=\"https:\/\/www.xn--kologie-in-langwasser-gec.de\/wp-content\/uploads\/2021\/10\/Repair-Cafe1.jpg\" alt=\"\" class=\"wp-image-1474\" srcset=\"https:\/\/www.xn--kologie-in-langwasser-gec.de\/wp-content\/uploads\/2021\/10\/Repair-Cafe1.jpg 720w, https:\/\/www.xn--kologie-in-langwasser-gec.de\/wp-content\/uploads\/2021\/10\/Repair-Cafe1-225x300.jpg 225w\" sizes=\"auto, (max-width: 720px) 100vw, 720px\" \/><figcaption class=\"wp-element-caption\">Verf\u00fchrerische Angebote aus der K\u00fcche des Repair-Caf\u00e9s<\/figcaption><\/figure>\n<\/div>\n\n\n<p>Haushaltsgegenst\u00e4nde, die repariert werden, sind l\u00e4nger brauchbar und werden nicht weggeworfen. Die Grundstoff- und Energiemenge, die f\u00fcr die Herstellung neuer Produkte erforderlich ist, wird somit gespart. <\/p>\n\n\n<div class=\"wp-block-image is-resized\">\n<figure class=\"aligncenter size-full\"><img loading=\"lazy\" decoding=\"async\" width=\"720\" height=\"960\" src=\"https:\/\/www.xn--kologie-in-langwasser-gec.de\/wp-content\/uploads\/2021\/10\/Repair-Cafe2.jpg\" alt=\"\" class=\"wp-image-1470\" srcset=\"https:\/\/www.xn--kologie-in-langwasser-gec.de\/wp-content\/uploads\/2021\/10\/Repair-Cafe2.jpg 720w, https:\/\/www.xn--kologie-in-langwasser-gec.de\/wp-content\/uploads\/2021\/10\/Repair-Cafe2-225x300.jpg 225w\" sizes=\"auto, (max-width: 720px) 100vw, 720px\" \/><figcaption class=\"wp-element-caption\">                                In der Reparaturwerkstatt unseres Repair-Caf\u00e9s<\/figcaption><\/figure>\n<\/div>\n\n\n<p>Nach einer einj\u00e4hrigen Planungszeit konnte das erste Repair-Caf\u00e8 am     3. Februar 2018 im Kinder- und Jugendhaus Geiza starten. Der Zuspruch war gro\u00df und am 18. Januar 2020 gab es schon das zehnte Repair-Caf\u00e8. Darauffolgende Veranstaltungen konnten coronabedingt nur eingeschr\u00e4nkt durchgef\u00fchrt werden mit Anmelde- und Wartebereich im Garten. <\/p>\n\n\n\n<p>Haben Sie Fragen? Dann rufen Sie an bei Martin Fenk vom AK-\u00d6kologie unter Telefon 0151 70898 159<\/p>\n\n\n\n<p>&nbsp;<\/p>\n","protected":false},"excerpt":{"rendered":"<p>Termine 2026 N\u00e4htreff im Gemeinschaftshaus Langwasser jeden Montag von 9 Uhr bis 11.30 Uhr Wir n\u00e4hen f\u00fcr uns und einen guten Zweck. Stoffe gibt es genug, und die N\u00e4hmaschinen sind leicht zu bedienen. Schauen Sie einfach einmal bei uns vorbei. Am 9. M\u00e4rz entf\u00e4llt der N\u00e4htreff. Am Weihnachtsmarkt 2025 in Langwasser war das Repair-Caf\u00e8 mit &hellip; <a href=\"https:\/\/www.xn--kologie-in-langwasser-gec.de\/index.php\/repair-cafe-im-kinder-und-jugendhaus-geiza\/\" class=\"more-link\"><span class=\"screen-reader-text\">Repair-Caf\u00e8<\/span> weiterlesen <span class=\"meta-nav\">&rarr;<\/span><\/a><\/p>\n","protected":false},"author":2,"featured_media":0,"parent":0,"menu_order":0,"comment_status":"closed","ping_status":"closed","template":"","meta":{"footnotes":""},"class_list":["post-701","page","type-page","status-publish","hentry"],"_links":{"self":[{"href":"https:\/\/www.xn--kologie-in-langwasser-gec.de\/index.php\/wp-json\/wp\/v2\/pages\/701","targetHints":{"allow":["GET"]}}],"collection":[{"href":"https:\/\/www.xn--kologie-in-langwasser-gec.de\/index.php\/wp-json\/wp\/v2\/pages"}],"about":[{"href":"https:\/\/www.xn--kologie-in-langwasser-gec.de\/index.php\/wp-json\/wp\/v2\/types\/page"}],"author":[{"embeddable":true,"href":"https:\/\/www.xn--kologie-in-langwasser-gec.de\/index.php\/wp-json\/wp\/v2\/users\/2"}],"replies":[{"embeddable":true,"href":"https:\/\/www.xn--kologie-in-langwasser-gec.de\/index.php\/wp-json\/wp\/v2\/comments?post=701"}],"version-history":[{"count":137,"href":"https:\/\/www.xn--kologie-in-langwasser-gec.de\/index.php\/wp-json\/wp\/v2\/pages\/701\/revisions"}],"predecessor-version":[{"id":2778,"href":"https:\/\/www.xn--kologie-in-langwasser-gec.de\/index.php\/wp-json\/wp\/v2\/pages\/701\/revisions\/2778"}],"wp:attachment":[{"href":"https:\/\/www.xn--kologie-in-langwasser-gec.de\/index.php\/wp-json\/wp\/v2\/media?parent=701"}],"curies":[{"name":"wp","href":"https:\/\/api.w.org\/{rel}","templated":true}]}}