{"id":715,"date":"2021-03-09T10:52:12","date_gmt":"2021-03-09T09:52:12","guid":{"rendered":"https:\/\/www.xn--kologie-in-langwasser-gec.de\/?page_id=715"},"modified":"2024-11-08T21:54:09","modified_gmt":"2024-11-08T20:54:09","slug":"ueber-uns-2","status":"publish","type":"page","link":"https:\/\/www.xn--kologie-in-langwasser-gec.de\/","title":{"rendered":"\u00dcber uns"},"content":{"rendered":"\n<p>Unser Arbeitskreis wurde im Rahmen des Stadtteilforums am 24. April 2015 gegr\u00fcndet. Die Gr\u00fcndungsmitglieder sind Astrid Bracke-Zotos, Marga Keller, Thomas Schrollinger und Richard Stry.<\/p>\n\n\n<div class=\"wp-block-image\">\n<figure class=\"aligncenter size-full\"><img loading=\"lazy\" decoding=\"async\" width=\"283\" height=\"177\" src=\"https:\/\/www.xn--kologie-in-langwasser-gec.de\/wp-content\/uploads\/2021\/03\/AK-Oekologie-Langwasser_Logo_rgb.png\" alt=\"\" class=\"wp-image-1106\"\/><\/figure>\n<\/div>\n\n\n<p>Wir betrachten es als unsere Aufgabe, das Umweltbewusstsein in unserem Stadtteil zu st\u00e4rken:<\/p>\n\n\n\n<ul class=\"wp-block-list\">\n<li><em><strong>Die sch\u00f6ne Natur, von der wir umgeben sind, soll erhalten und in den Blick genommen werden.<\/strong><\/em><\/li>\n\n\n\n<li><em><strong>Jeder Einzelne kann auf Nachhaltigkeit achten, mit Ressourcen sparsam umgehen lernen und versuchen, die M\u00fcllmengen zu reduzieren. <\/strong><\/em><\/li>\n\n\n\n<li><em><strong>Der gesellschaftliche Zusammenhalt im Stadtteil ist uns wichtig.<\/strong><\/em><\/li>\n<\/ul>\n\n\n\n<div class=\"wp-block-group\"><div class=\"wp-block-group__inner-container is-layout-flow wp-block-group-is-layout-flow\">\n<figure class=\"wp-block-image size-full\"><img loading=\"lazy\" decoding=\"async\" width=\"960\" height=\"720\" src=\"https:\/\/www.xn--kologie-in-langwasser-gec.de\/wp-content\/uploads\/2022\/03\/Park-2.jpg\" alt=\"\" class=\"wp-image-1719\" srcset=\"https:\/\/www.xn--kologie-in-langwasser-gec.de\/wp-content\/uploads\/2022\/03\/Park-2.jpg 960w, https:\/\/www.xn--kologie-in-langwasser-gec.de\/wp-content\/uploads\/2022\/03\/Park-2-300x225.jpg 300w, https:\/\/www.xn--kologie-in-langwasser-gec.de\/wp-content\/uploads\/2022\/03\/Park-2-768x576.jpg 768w\" sizes=\"auto, (max-width: 960px) 100vw, 960px\" \/><\/figure>\n<\/div><\/div>\n\n\n\n<p>Bei unseren Aktivit\u00e4ten werden wir unterst\u00fctzt vom <strong>B\u00fcrgerverein Langwasser<\/strong>, dem <strong>Gemeinschaftshaus Langwasser<\/strong>, von<strong> Hofmann Personal <\/strong>und dem <strong>Kinder- und Jugendhaus Geiza<\/strong>.<\/p>\n\n\n\n<p>Wenn Sie an unserem Arbeitskreis interessiert sind, wenden Sie sich bitte an Martin Fenk Telefon 0151 70 898 159<\/p>\n\n\n\n<p style=\"font-size:1px\">&nbsp;<\/p>\n","protected":false},"excerpt":{"rendered":"<p>Unser Arbeitskreis wurde im Rahmen des Stadtteilforums am 24. April 2015 gegr\u00fcndet. Die Gr\u00fcndungsmitglieder sind Astrid Bracke-Zotos, Marga Keller, Thomas Schrollinger und Richard Stry. Wir betrachten es als unsere Aufgabe, das Umweltbewusstsein in unserem Stadtteil zu st\u00e4rken: Bei unseren Aktivit\u00e4ten werden wir unterst\u00fctzt vom B\u00fcrgerverein Langwasser, dem Gemeinschaftshaus Langwasser, von Hofmann Personal und dem Kinder- &hellip; <a href=\"https:\/\/www.xn--kologie-in-langwasser-gec.de\/\" class=\"more-link\"><span class=\"screen-reader-text\">\u00dcber uns<\/span> weiterlesen <span class=\"meta-nav\">&rarr;<\/span><\/a><\/p>\n","protected":false},"author":2,"featured_media":0,"parent":0,"menu_order":0,"comment_status":"closed","ping_status":"closed","template":"","meta":{"footnotes":""},"class_list":["post-715","page","type-page","status-publish","hentry"],"_links":{"self":[{"href":"https:\/\/www.xn--kologie-in-langwasser-gec.de\/index.php\/wp-json\/wp\/v2\/pages\/715","targetHints":{"allow":["GET"]}}],"collection":[{"href":"https:\/\/www.xn--kologie-in-langwasser-gec.de\/index.php\/wp-json\/wp\/v2\/pages"}],"about":[{"href":"https:\/\/www.xn--kologie-in-langwasser-gec.de\/index.php\/wp-json\/wp\/v2\/types\/page"}],"author":[{"embeddable":true,"href":"https:\/\/www.xn--kologie-in-langwasser-gec.de\/index.php\/wp-json\/wp\/v2\/users\/2"}],"replies":[{"embeddable":true,"href":"https:\/\/www.xn--kologie-in-langwasser-gec.de\/index.php\/wp-json\/wp\/v2\/comments?post=715"}],"version-history":[{"count":22,"href":"https:\/\/www.xn--kologie-in-langwasser-gec.de\/index.php\/wp-json\/wp\/v2\/pages\/715\/revisions"}],"predecessor-version":[{"id":2537,"href":"https:\/\/www.xn--kologie-in-langwasser-gec.de\/index.php\/wp-json\/wp\/v2\/pages\/715\/revisions\/2537"}],"wp:attachment":[{"href":"https:\/\/www.xn--kologie-in-langwasser-gec.de\/index.php\/wp-json\/wp\/v2\/media?parent=715"}],"curies":[{"name":"wp","href":"https:\/\/api.w.org\/{rel}","templated":true}]}}