{"id":891,"date":"2021-03-11T11:04:49","date_gmt":"2021-03-11T10:04:49","guid":{"rendered":"https:\/\/www.xn--kologie-in-langwasser-gec.de\/?page_id=891"},"modified":"2022-10-19T09:10:56","modified_gmt":"2022-10-19T07:10:56","slug":"stadtteil-im-gruenen","status":"publish","type":"page","link":"https:\/\/www.xn--kologie-in-langwasser-gec.de\/index.php\/stadtteil-im-gruenen\/","title":{"rendered":"Stadtteil im Gr\u00fcnen"},"content":{"rendered":"\n<p>&nbsp;<\/p>\n\n\n\n<p>Wenn Bewohner und Bewohnerinnen Langwassers gefragt werden, warum sie hier wohnen, nennen sie oft das viele Gr\u00fcn an erster Stelle. Vom Dach eines Hochhauses aus , kann man im Sommer und im Herbst auf eine imposante Stadtlandschaft blicken, die aus einem Laubwald hervorragt. Bei einer Radtour durch Langwasser k\u00f6nnen Sie erfahren, wie sch\u00f6n unser Stadtteil ist.<\/p>\n\n\n\n<figure class=\"wp-block-image size-full\"><img decoding=\"async\" src=\"https:\/\/www.xn--kologie-in-langwasser-gec.de\/wp-content\/uploads\/2022\/10\/Route-3-neu.jpg\" alt=\"\" class=\"wp-image-1965\"\/><\/figure>\n\n\n\n<p><strong>1. B\u00fcrgergarten<\/strong><\/p>\n\n\n\n<p>Der B\u00fcrgergarten existiert seit fast 40 Jahren, anfangs als Gr\u00fcnanlage mit vielen Blumenbeeten, berankten Pergolenpl\u00e4tzen, Sitzpl\u00e4tzen und einer Brunnenanlage. Seit 2013 pflegt eine Gartenpatin&nbsp; die Hochbeete.<\/p>\n\n\n\n<p><strong>2. Ginkgo biloba, F\u00e4cherblattbaum<\/strong><\/p>\n\n\n\n<p>Ginkgo ist schon seit 250 Millionen Jahren auf der Erde zu finden und damit die \u00e4lteste noch lebende Pflanzenart. In N\u00fcrnberg gibt es mehr als 70 B\u00e4ume, die einem der 30 Menschenrechtsartikel der Allgemeinen Erkl\u00e4rung der Menschenrechte von 1948 gewidmet sind.<\/p>\n\n\n\n<p><strong>3. Interkultureller Garten &nbsp;N\u00fcrnberg-Langwasser e.V.<\/strong><\/p>\n\n\n\n<p>Seit 2011 bearbeiten Menschen unterschiedlicher Herkunft in dem 1050 qm gro\u00dfem Garten jeweils 19 kleine Beetfl\u00e4chen . Der Vereinszweck ist neben der gemeinschaftlichen Bodenkultivierung interkulturelles Lernen, V\u00f6lkerverst\u00e4ndigung und Integration.<\/p>\n\n\n\n<p><strong>4. Gr\u00fcnzug zwischen Reichswald und Naherholungsgebiet Dutzendteich<\/strong><\/p>\n\n\n\n<p>Die Nachbarschaften sind in ein zusammenh\u00e4ngendes Gr\u00fcnsystem eingebettet, das auch eine Verbindung zwischen dem Reichswald und dem Dutzendteich schafft. Die Preistr\u00e4ger des st\u00e4dtebaulichen Wettbewerbs von 1957 Architekt Franz Reichel und Landschaftsarchitekt Herrmann Thiele haben mit ihrem preisgekr\u00f6nten Entwurf eine Grundlage f\u00fcr modernes Wohnen im Gr\u00fcnen gefunden.<\/p>\n\n\n\n<p><strong>5. Rodelberg<\/strong><\/p>\n\n\n\n<p>Die \u00f6ffentlichen Gr\u00fcnzonen sind f\u00fcr jedermann nutzbarer Freizeit- und Erholungsraum. Der Rodelberg, entstanden aus dem Aushub der Baugruben, geh\u00f6rt zu den \u00e4ltesten Spielanlagen in Langwasser.<\/p>\n\n\n\n<p><strong>6. Langwasserbach<\/strong><\/p>\n\n\n\n<p>Er speist sich aus verschiedenen Quellen und Wasserl\u00e4ufen, nimmt &nbsp;das Regenwasser aus Langwasser auf und m\u00fcndet schlie\u00dflich in den Dutzendteich. Da der Bachlauf von den Nationalsozialisten&nbsp; zum Teil zugesch\u00fcttet oder verrohrt wurde, musste er freigelegt und renaturiert werden. Nat\u00fcrliche Bachbegrenzungen schaffen heute Lebensraum f\u00fcr Tiere und Pflanzen.<\/p>\n\n\n\n<p><strong>7. Langwassersee mit Auwald<\/strong><\/p>\n\n\n\n<p>1986 wurde mit dem Bau und der Gestaltung des Langwassersees und seiner Umgebung begonnen. Aus dem benachbarten Langwasserbach darf so viel Wasser eingeleitet werden, dass ein gleichm\u00e4\u00dfig hoher Wasserspiegel gehalten werden kann. Im See befindet sich eine kleine Vogelinsel und das Gebiet zwischen Bach und See ist&nbsp; ein gesch\u00fctztes Feuchtbiotop.<\/p>\n\n\n\n<p><strong>8. Erstes autofreies Wohngebiet in Deutschland in der                                Nachbarschaft P\u00a0\u00a0\u00a0\u00a0\u00a0\u00a0\u00a0\u00a0\u00a0\u00a0\u00a0\u00a0\u00a0\u00a0\u00a0\u00a0\u00a0\u00a0\u00a0\u00a0\u00a0\u00a0\u00a0\u00a0\u00a0\u00a0\u00a0\u00a0\u00a0\u00a0\u00a0\u00a0 \u00a0\u00a0<\/strong><\/p>\n\n\n\n<p>Hier&nbsp; folgte man nicht mehr den \u00fcblichen Prinzipien des Nachkriegsst\u00e4dtebaus. Die Wege und Pl\u00e4tze sind f\u00fcr die Menschen. Die Autos befinden sich in Parkh\u00e4usern am Ende der Zufahrtsstra\u00dfen.<\/p>\n\n\n\n<p><strong>9. Friedenspark<\/strong><\/p>\n\n\n\n<p>Als Zeichen der Abkehr von der Nazidiktatur verwendeten die Gartenarchitekten Granitsteine der Gro\u00dfen Stra\u00dfe und Mauersteine der 1966\/67 gesprengten M\u00e4rzfeldt\u00fcrme als Baumaterial f\u00fcr Bach\u00fcberg\u00e4nge, Sitzmauern, Treppenstufen und die Einfassung der Pergola.<\/p>\n\n\n\n<p><strong>10. Bauspielplatz Langwasser<\/strong><\/p>\n\n\n\n<p>Auf dem \u201eBaui\u201c genannten Aktiv-spielplatz &nbsp;k\u00f6nnen Kinder bis zu 12 Jahren spielend lernen und Erfahrungen sammeln, wie z.B. H\u00fctten bauen, H\u00fchner f\u00fcttern, Pflanzen z\u00fcchten und pflegen.<\/p>\n\n\n\n<p><strong>11. Kleingartenanlage Karwendelstra\u00dfe<\/strong><\/p>\n\n\n\n<p>1958 wurde&nbsp; zur Abschirmung gegen die Bahnanlagen&nbsp; &nbsp;ein etwa 100 Meter breiter Streifen mit 125 Kleing\u00e4rten angelegt. Hier befindet sich auch das Laubenmuseum mit &nbsp;Gartenh\u00e4uschen aus den 1920er und 1930er Jahren. Der im Rahmen der Aktion \u201eB\u00e4ume f\u00fcr die Menschenrechte\u201c gepflanzte Ginkgo erinnert an das Recht des Menschen auf Erholung und Freizeit.<\/p>\n\n\n\n<p><strong>12. W\u00e4ldchen als L\u00e4rm- und Sichtschutz<\/strong><\/p>\n\n\n\n<p>Ein breiter Waldg\u00fcrtel soll&nbsp; die Wohn-siedlung vom L\u00e4rm &nbsp;der Breslauer Stra\u00dfe und dem Gewerbegebiet entlang der Stra\u00dfe abschirmen. Weniger Fl\u00e4che beanspruchen die an anderen Stellen k\u00fcnstlich aufgesch\u00fctteten und bepflanzten L\u00e4rmschutzw\u00e4lle.<\/p>\n\n\n\n<p><strong>13. Langwasserwald<\/strong><\/p>\n\n\n\n<p>Der Wald bei Langwasser und andere Teile des Reichswalds wurden 1985 als Bannwald ausgewiesen, das hei\u00dft, dass dieser Wald im Sinne des Bayerischen Waldgesetzes unersetzlich ist. Wegen geplanter Rodungen kam es 1995 zu Protesten und der B\u00fcrgerverein Langwasser startete die Aktion \u201eRettet den Bannwald\u201c.&nbsp; Im Plan ist der Ausgangspunkt des Waldlehrpfads&nbsp; eingezeichnet.<\/p>\n\n\n\n<p><strong>14. Zollhausquelle<\/strong><\/p>\n\n\n\n<p>Urspr\u00fcnglich floss das Wasser der Zollhausquelle durch den Neuselsbrunngraben&nbsp; in den Flachweiher. Heute flie\u00dft das Wasser der Quelle an der Liegnitzer Stra\u00dfe in die Kanalisation.<\/p>\n\n\n\n<p><strong>15. Naturdenkm\u00e4ler in Langwasser<\/strong><\/p>\n\n\n\n<p>Von dem einst vorhandenen trockenen Eichen-Kiefern-Birken-Wald lie\u00dfen die Nationalsozialisten aus ideologischen Gr\u00fcnden nur einige Eichen stehen. Die Stieleiche in der Delpstra\u00dfe ist etwa 350 Jahre alt. Vor der Bebauung nisteten hier Haubenlerchen. Zwei weitere Natur-denkm\u00e4ler befinden sich gleich in der N\u00e4he: eine Buche in der Verkehrsinsel am Franz-Reichel-Ring und eine Eiche auf dem Schulgrundst\u00fcck nebenan.<\/p>\n\n\n\n<p><strong>16. Gr\u00fcng\u00fcrtel\u00a0\u00a0\u00a0\u00a0\u00a0\u00a0\u00a0\u00a0\u00a0\u00a0\u00a0\u00a0\u00a0\u00a0\u00a0\u00a0\u00a0\u00a0\u00a0\u00a0\u00a0\u00a0\u00a0\u00a0\u00a0\u00a0\u00a0\u00a0\u00a0\u00a0\u00a0\u00a0 \u00a0\u00a0\u00a0\u00a0\u00a0\u00a0\u00a0\u00a0\u00a0\u00a0\u00a0\u00a0\u00a0\u00a0\u00a0\u00a0\u00a0\u00a0\u00a0\u00a0\u00a0\u00a0\u00a0\u00a0\u00a0\u00a0\u00a0<\/strong>                                                           <\/p>\n\n\n\n<p>Diese Radtour f\u00fchrt durch mehrere Gr\u00fcng\u00fcrtel, an deren R\u00e4ndern die Gemeinschaftseinrichtungen wie Kirchen, Schulen, Sportanlagen, Kinderg\u00e4rten und Jugendhorte errichtet wurden. Rad- und Fu\u00dfwege verbinden die einzelnen Nachbarschaften und sorgen f\u00fcr kurze und sichere Wege.<\/p>\n\n\n\n<p><strong>Marga Keller<\/strong> <strong>Arbeitskreis \u00d6kologie<\/strong> 2021<\/p>\n\n\n\n<div class=\"wp-block-group\"><div class=\"wp-block-group__inner-container is-layout-flow wp-block-group-is-layout-flow\"><ul class=\"wp-block-categories-list wp-block-categories\">\t<li class=\"cat-item cat-item-1\"><a href=\"https:\/\/www.xn--kologie-in-langwasser-gec.de\/index.php\/category\/allgemein\/\">Allgemein<\/a>\n<\/li>\n<\/ul><\/div><\/div>\n","protected":false},"excerpt":{"rendered":"<p>&nbsp; Wenn Bewohner und Bewohnerinnen Langwassers gefragt werden, warum sie hier wohnen, nennen sie oft das viele Gr\u00fcn an erster Stelle. Vom Dach eines Hochhauses aus , kann man im Sommer und im Herbst auf eine imposante Stadtlandschaft blicken, die aus einem Laubwald hervorragt. Bei einer Radtour durch Langwasser k\u00f6nnen Sie erfahren, wie sch\u00f6n unser &hellip; <a href=\"https:\/\/www.xn--kologie-in-langwasser-gec.de\/index.php\/stadtteil-im-gruenen\/\" class=\"more-link\"><span class=\"screen-reader-text\">Stadtteil im Gr\u00fcnen<\/span> weiterlesen <span class=\"meta-nav\">&rarr;<\/span><\/a><\/p>\n","protected":false},"author":2,"featured_media":0,"parent":0,"menu_order":0,"comment_status":"closed","ping_status":"closed","template":"","meta":{"footnotes":""},"class_list":["post-891","page","type-page","status-publish","hentry"],"_links":{"self":[{"href":"https:\/\/www.xn--kologie-in-langwasser-gec.de\/index.php\/wp-json\/wp\/v2\/pages\/891","targetHints":{"allow":["GET"]}}],"collection":[{"href":"https:\/\/www.xn--kologie-in-langwasser-gec.de\/index.php\/wp-json\/wp\/v2\/pages"}],"about":[{"href":"https:\/\/www.xn--kologie-in-langwasser-gec.de\/index.php\/wp-json\/wp\/v2\/types\/page"}],"author":[{"embeddable":true,"href":"https:\/\/www.xn--kologie-in-langwasser-gec.de\/index.php\/wp-json\/wp\/v2\/users\/2"}],"replies":[{"embeddable":true,"href":"https:\/\/www.xn--kologie-in-langwasser-gec.de\/index.php\/wp-json\/wp\/v2\/comments?post=891"}],"version-history":[{"count":72,"href":"https:\/\/www.xn--kologie-in-langwasser-gec.de\/index.php\/wp-json\/wp\/v2\/pages\/891\/revisions"}],"predecessor-version":[{"id":1966,"href":"https:\/\/www.xn--kologie-in-langwasser-gec.de\/index.php\/wp-json\/wp\/v2\/pages\/891\/revisions\/1966"}],"wp:attachment":[{"href":"https:\/\/www.xn--kologie-in-langwasser-gec.de\/index.php\/wp-json\/wp\/v2\/media?parent=891"}],"curies":[{"name":"wp","href":"https:\/\/api.w.org\/{rel}","templated":true}]}}