{"id":931,"date":"2021-03-12T11:23:33","date_gmt":"2021-03-12T10:23:33","guid":{"rendered":"https:\/\/www.xn--kologie-in-langwasser-gec.de\/?page_id=931"},"modified":"2026-04-14T20:09:16","modified_gmt":"2026-04-14T18:09:16","slug":"931-2","status":"publish","type":"page","link":"https:\/\/www.xn--kologie-in-langwasser-gec.de\/index.php\/931-2\/","title":{"rendered":"Tipps f\u00fcr mehr Nachhaltigkeit"},"content":{"rendered":"\n<p class=\"has-small-font-size\"><\/p>\n\n\n\n<p><strong>Nachhaltiger Textilkonsum<\/strong>                                                                Im N\u00e4htreff im Gemeinschaftshaus Langwasser haben Sie die M\u00f6glichkeit Kleidung zu reparieren oder umzuarbeiten. Informationen bzw. Gelegenheit dazu gibt es jeden Montag von 9 Uhr bis 11.30 Uhr im Raum 8 im Gemeinschaftshaus.<\/p>\n\n\n\n<p>Beim  <strong>Mobilit\u00e4ts-Flohmarkt<\/strong> in N\u00fcrnberg geht es um den Kreislaufwirtschaftsgedanken. Secondhand-Ware spart Geld und Ressourcen und vermeidet Abfall. Der Kauf eines gebrauchten Fahrrads ist somit ein Beitrag zu mehr Nachhaltigkeit. Informationen unter recycle.nuernberg.de<\/p>\n\n\n\n<p><strong>Viele Tipps zum Energiesparen<\/strong> finden Sie unter                                          www.n-ergie.de\/energie-schonen <\/p>\n\n\n\n<p><strong>Tipps gegen Lebensmittelverschwendung<\/strong>  &#8211;                                                         Circa 11 Millionen Tonnen Lebensmittelabf\u00e4lle werden in Deutschland jedes Jahr entsorgt. 58% der  Lebensmittel, die auf dem M\u00fcll landen, sind im Haushalt verdorben. Was kann man gegen Lebensmittelverschwendung tun? Mit der Informationsinitiative &#8222;Zu gut f\u00fcr die Tonne!&#8220; setzt sich das Bundesministerium f\u00fcr Ern\u00e4hrung und Landwirtschaft gegen das Wegwerfen von Lebensmitteln ein.  Auch Material f\u00fcr Lehrkr\u00e4fte findet man auf ihrer Webseite:  BMEL.de<\/p>\n\n\n\n<p><strong>Nachhaltigkeit in der Stadtbibliothek Langwasser-   <\/strong>                               Warum nicht B\u00fccher, Zeitschriften oder Filme, die man in den meisten F\u00e4llen doch nur einmal konsumiert, einfach ausleihen? Das schont den Geldbeutel, spart Platz und ist nachhaltig. Sei es ein Reisef\u00fchrer oder eine Lernhilfe, ein Ratgeber f\u00fcr die Steuererkl\u00e4rung, unsere breite Auswahl an Erstleseb\u00fcchern und Romanen f\u00fcr Erwachsene, H\u00f6rb\u00fccher,Filme oder Brettspiele, hier ist f\u00fcr alle etwas dabei.<\/p>\n\n\n\n<p>Doch auch Titel rund um das Thema Nachhaltigkeit selbst, gibt es in der Stadtbibliothek. Von selbst hergestellter Kosmetik und Haushaltsmitteln \u00fcber den Selbstversorgergarten und biologischem Anbau zu Wiederverwertung und Zero Waste halten wir eine breite Themenpalette bereit.<\/p>\n\n\n\n<p>Die Ausleihe ist f\u00fcr alle unter 18 Jahren kostenfrei, ab 18 Jahre gibt es eine Ausleihegeb\u00fchr. Die Nutzung der Bibliothek vor Ort ist kostenfrei. Weitere Informationen finden Sie auf unserer Homepage www.stadtbibliothek.nuernberg.de                                         Patricia Heilenz<\/p>\n\n\n<div class=\"wp-block-image\">\n<figure class=\"aligncenter size-full\"><img loading=\"lazy\" decoding=\"async\" width=\"960\" height=\"720\" src=\"https:\/\/www.xn--kologie-in-langwasser-gec.de\/wp-content\/uploads\/2021\/11\/Oek2.jpg\" alt=\"\" class=\"wp-image-1526\" srcset=\"https:\/\/www.xn--kologie-in-langwasser-gec.de\/wp-content\/uploads\/2021\/11\/Oek2.jpg 960w, https:\/\/www.xn--kologie-in-langwasser-gec.de\/wp-content\/uploads\/2021\/11\/Oek2-300x225.jpg 300w, https:\/\/www.xn--kologie-in-langwasser-gec.de\/wp-content\/uploads\/2021\/11\/Oek2-768x576.jpg 768w\" sizes=\"auto, (max-width: 960px) 100vw, 960px\" \/><figcaption class=\"wp-element-caption\">Nachhaltigkeitsparcour in Ingolstadt<\/figcaption><\/figure>\n<\/div>\n\n\n<p><\/p>\n","protected":false},"excerpt":{"rendered":"<p>Nachhaltiger Textilkonsum Im N\u00e4htreff im Gemeinschaftshaus Langwasser haben Sie die M\u00f6glichkeit Kleidung zu reparieren oder umzuarbeiten. Informationen bzw. Gelegenheit dazu gibt es jeden Montag von 9 Uhr bis 11.30 Uhr im Raum 8 im Gemeinschaftshaus. Beim Mobilit\u00e4ts-Flohmarkt in N\u00fcrnberg geht es um den Kreislaufwirtschaftsgedanken. Secondhand-Ware spart Geld und Ressourcen und vermeidet Abfall. Der Kauf eines &hellip; <a href=\"https:\/\/www.xn--kologie-in-langwasser-gec.de\/index.php\/931-2\/\" class=\"more-link\"><span class=\"screen-reader-text\">Tipps f\u00fcr mehr Nachhaltigkeit<\/span> weiterlesen <span class=\"meta-nav\">&rarr;<\/span><\/a><\/p>\n","protected":false},"author":2,"featured_media":0,"parent":0,"menu_order":0,"comment_status":"closed","ping_status":"closed","template":"","meta":{"footnotes":""},"class_list":["post-931","page","type-page","status-publish","hentry"],"_links":{"self":[{"href":"https:\/\/www.xn--kologie-in-langwasser-gec.de\/index.php\/wp-json\/wp\/v2\/pages\/931","targetHints":{"allow":["GET"]}}],"collection":[{"href":"https:\/\/www.xn--kologie-in-langwasser-gec.de\/index.php\/wp-json\/wp\/v2\/pages"}],"about":[{"href":"https:\/\/www.xn--kologie-in-langwasser-gec.de\/index.php\/wp-json\/wp\/v2\/types\/page"}],"author":[{"embeddable":true,"href":"https:\/\/www.xn--kologie-in-langwasser-gec.de\/index.php\/wp-json\/wp\/v2\/users\/2"}],"replies":[{"embeddable":true,"href":"https:\/\/www.xn--kologie-in-langwasser-gec.de\/index.php\/wp-json\/wp\/v2\/comments?post=931"}],"version-history":[{"count":70,"href":"https:\/\/www.xn--kologie-in-langwasser-gec.de\/index.php\/wp-json\/wp\/v2\/pages\/931\/revisions"}],"predecessor-version":[{"id":2809,"href":"https:\/\/www.xn--kologie-in-langwasser-gec.de\/index.php\/wp-json\/wp\/v2\/pages\/931\/revisions\/2809"}],"wp:attachment":[{"href":"https:\/\/www.xn--kologie-in-langwasser-gec.de\/index.php\/wp-json\/wp\/v2\/media?parent=931"}],"curies":[{"name":"wp","href":"https:\/\/api.w.org\/{rel}","templated":true}]}}