{"id":958,"date":"2021-03-12T13:24:50","date_gmt":"2021-03-12T12:24:50","guid":{"rendered":"https:\/\/www.xn--kologie-in-langwasser-gec.de\/?page_id=958"},"modified":"2026-04-14T19:46:22","modified_gmt":"2026-04-14T17:46:22","slug":"veranstaltungen-termine","status":"publish","type":"page","link":"https:\/\/www.xn--kologie-in-langwasser-gec.de\/index.php\/veranstaltungen-termine\/","title":{"rendered":"Veranstaltungen und Termine"},"content":{"rendered":"\n<p>Das n\u00e4chste <strong>Repair-Caf\u00e8<\/strong> im Kinder- und Jugendhaus Geiza findet am 18. April 2026 statt.<\/p>\n\n\n\n<p>Beim <strong>N\u00e4htreff<\/strong> k\u00f6nnen Sie jeden Montag von 9 Uhr bis 11.30 Uhr im Raum 8 des Gemeinschaftshauses bei uns mitmachen oder auch nur einmal vorbeischauen. Wir reparieren oder n\u00e4hen Neues aus gebrauchten Stoffen, Stoffresten oder Stoffen, die wir geschenkt bekommen haben. <\/p>\n\n\n\n<p>Der erste Termin von <strong>ReCycle &#8211; Der  Mobilit\u00e4tsflohmarkt<\/strong> in diesem Jahr findet am 18. April 2026 von 11 bis 13 Uhr vor der Kulturwerkstatt &#8222;Auf AEG&#8220; in der F\u00fcrther Stra\u00dfe 244d, Innenhof D statt. Informationen zum Flohmarkt unter recycle.nuernberg.de<\/p>\n\n\n\n<p><\/p>\n\n\n\n<p><\/p>\n\n\n\n<p><\/p>\n\n\n\n<p><\/p>\n\n\n\n<p><\/p>\n\n\n\n<p><\/p>\n\n\n\n<p><\/p>\n\n\n\n<p><\/p>\n\n\n\n<p><\/p>\n\n\n\n<p><\/p>\n\n\n\n<p><\/p>\n\n\n\n<p><\/p>\n\n\n\n<p><\/p>\n\n\n\n<p><\/p>\n\n\n\n<p><\/p>\n\n\n\n<p><\/p>\n\n\n\n<p><\/p>\n\n\n\n<p><\/p>\n\n\n\n<p><\/p>\n\n\n\n<p><\/p>\n\n\n\n<p><\/p>\n\n\n\n<p><\/p>\n\n\n\n<p><\/p>\n\n\n\n<p><\/p>\n\n\n\n<p><\/p>\n\n\n\n<p><\/p>\n\n\n\n<p><\/p>\n","protected":false},"excerpt":{"rendered":"<p>Das n\u00e4chste Repair-Caf\u00e8 im Kinder- und Jugendhaus Geiza findet am 18. April 2026 statt. Beim N\u00e4htreff k\u00f6nnen Sie jeden Montag von 9 Uhr bis 11.30 Uhr im Raum 8 des Gemeinschaftshauses bei uns mitmachen oder auch nur einmal vorbeischauen. Wir reparieren oder n\u00e4hen Neues aus gebrauchten Stoffen, Stoffresten oder Stoffen, die wir geschenkt bekommen haben. &hellip; <a href=\"https:\/\/www.xn--kologie-in-langwasser-gec.de\/index.php\/veranstaltungen-termine\/\" class=\"more-link\"><span class=\"screen-reader-text\">Veranstaltungen und Termine<\/span> weiterlesen <span class=\"meta-nav\">&rarr;<\/span><\/a><\/p>\n","protected":false},"author":2,"featured_media":0,"parent":0,"menu_order":0,"comment_status":"closed","ping_status":"closed","template":"","meta":{"footnotes":""},"class_list":["post-958","page","type-page","status-publish","hentry"],"_links":{"self":[{"href":"https:\/\/www.xn--kologie-in-langwasser-gec.de\/index.php\/wp-json\/wp\/v2\/pages\/958","targetHints":{"allow":["GET"]}}],"collection":[{"href":"https:\/\/www.xn--kologie-in-langwasser-gec.de\/index.php\/wp-json\/wp\/v2\/pages"}],"about":[{"href":"https:\/\/www.xn--kologie-in-langwasser-gec.de\/index.php\/wp-json\/wp\/v2\/types\/page"}],"author":[{"embeddable":true,"href":"https:\/\/www.xn--kologie-in-langwasser-gec.de\/index.php\/wp-json\/wp\/v2\/users\/2"}],"replies":[{"embeddable":true,"href":"https:\/\/www.xn--kologie-in-langwasser-gec.de\/index.php\/wp-json\/wp\/v2\/comments?post=958"}],"version-history":[{"count":166,"href":"https:\/\/www.xn--kologie-in-langwasser-gec.de\/index.php\/wp-json\/wp\/v2\/pages\/958\/revisions"}],"predecessor-version":[{"id":2807,"href":"https:\/\/www.xn--kologie-in-langwasser-gec.de\/index.php\/wp-json\/wp\/v2\/pages\/958\/revisions\/2807"}],"wp:attachment":[{"href":"https:\/\/www.xn--kologie-in-langwasser-gec.de\/index.php\/wp-json\/wp\/v2\/media?parent=958"}],"curies":[{"name":"wp","href":"https:\/\/api.w.org\/{rel}","templated":true}]}}